{"id":1756,"date":"2025-02-13T09:12:30","date_gmt":"2025-02-13T09:12:30","guid":{"rendered":"https:\/\/alvinegroup.com\/market-news"},"modified":"2025-06-25T14:00:02","modified_gmt":"2025-06-25T14:00:02","slug":"market-news","status":"publish","type":"page","link":"https:\/\/alvinegroup.com\/fr\/market-news","title":{"rendered":"Actualit\u00e9s du march\u00e9"},"content":{"rendered":"\t\t<div data-elementor-type=\"wp-page\" data-elementor-id=\"1756\" class=\"elementor elementor-1756\" data-elementor-post-type=\"page\">\n\t\t\t\t\t\t<section class=\"elementor-section elementor-top-section elementor-element elementor-element-0f165bb elementor-section-boxed elementor-section-height-default elementor-section-height-default\" data-id=\"0f165bb\" data-element_type=\"section\" data-settings=\"{&quot;background_background&quot;:&quot;classic&quot;}\">\n\t\t\t\t\t\t<div class=\"elementor-container elementor-column-gap-no\">\n\t\t\t\t\t<div class=\"elementor-column elementor-col-100 elementor-top-column elementor-element elementor-element-f046aea\" data-id=\"f046aea\" data-element_type=\"column\">\n\t\t\t<div class=\"elementor-widget-wrap elementor-element-populated\">\n\t\t\t\t\t\t<section class=\"elementor-section elementor-inner-section elementor-element elementor-element-0d0a57e elementor-section-full_width elementor-section-height-default elementor-section-height-default\" data-id=\"0d0a57e\" data-element_type=\"section\">\n\t\t\t\t\t\t<div class=\"elementor-container elementor-column-gap-extended\">\n\t\t\t\t\t<div class=\"elementor-column elementor-col-50 elementor-inner-column elementor-element elementor-element-0c5805e\" data-id=\"0c5805e\" data-element_type=\"column\">\n\t\t\t<div class=\"elementor-widget-wrap elementor-element-populated\">\n\t\t\t\t\t\t<div class=\"elementor-element elementor-element-2c9d265 elementor-widget elementor-widget-syn-heading\" data-id=\"2c9d265\" data-element_type=\"widget\" data-widget_type=\"syn-heading.default\">\n\t\t\t\t<div class=\"elementor-widget-container\">\n\t\t\t\t\t<div class=\"heading_block\">\n  <h3 class=\"heading_text\" >Actualit\u00e9s du march\u00e9 <\/h3>  <p class=\"heading_description mb-0\" >Des informations actualis\u00e9es sont un outil essentiel pour un n\u00e9gociant prosp\u00e8re. Nos actualit\u00e9s de march\u00e9 seront votre navigateur de confiance dans le monde de la finance et de l'investissement, fournissant des donn\u00e9es \u00e0 jour sur les \u00e9v\u00e9nements qui fa\u00e7onnent les tendances du march\u00e9 mondial. Nous surveillons attentivement les changements sur les march\u00e9s boursiers, des devises et des mati\u00e8res premi\u00e8res afin que vous soyez toujours au courant des \u00e9v\u00e9nements les plus importants affectant les mouvements de prix.<\/p><\/div>\t\t\t\t<\/div>\n\t\t\t\t<\/div>\n\t\t\t\t\t<\/div>\n\t\t<\/div>\n\t\t\t\t<div class=\"elementor-column elementor-col-50 elementor-inner-column elementor-element elementor-element-d36695e\" data-id=\"d36695e\" data-element_type=\"column\">\n\t\t\t<div class=\"elementor-widget-wrap elementor-element-populated\">\n\t\t\t\t\t\t<div class=\"elementor-element elementor-element-4782517 elementor-widget elementor-widget-image\" data-id=\"4782517\" data-element_type=\"widget\" data-widget_type=\"image.default\">\n\t\t\t\t<div class=\"elementor-widget-container\">\n\t\t\t\t\t\t\t\t\t\t\t\t\t\t\t<img fetchpriority=\"high\" decoding=\"async\" width=\"991\" height=\"1024\" src=\"https:\/\/alvinegroup.com\/wp-content\/uploads\/2025\/06\/ob_feature_image_5sda-991x1024.webp\" class=\"attachment-large size-large wp-image-1175\" alt=\"\" srcset=\"https:\/\/alvinegroup.com\/wp-content\/uploads\/2025\/06\/ob_feature_image_5sda-991x1024.webp 991w, https:\/\/alvinegroup.com\/wp-content\/uploads\/2025\/06\/ob_feature_image_5sda-290x300.webp 290w, https:\/\/alvinegroup.com\/wp-content\/uploads\/2025\/06\/ob_feature_image_5sda-768x793.webp 768w, https:\/\/alvinegroup.com\/wp-content\/uploads\/2025\/06\/ob_feature_image_5sda.webp 1403w\" sizes=\"(max-width: 991px) 100vw, 991px\" \/>\t\t\t\t\t\t\t\t\t\t\t\t\t\t\t<\/div>\n\t\t\t\t<\/div>\n\t\t\t\t\t<\/div>\n\t\t<\/div>\n\t\t\t\t\t<\/div>\n\t\t<\/section>\n\t\t\t\t<section class=\"elementor-section elementor-inner-section elementor-element elementor-element-e2bcc2e elementor-section-full_width elementor-section-height-default elementor-section-height-default\" data-id=\"e2bcc2e\" data-element_type=\"section\">\n\t\t\t\t\t\t<div class=\"elementor-container elementor-column-gap-no\">\n\t\t\t\t\t<div class=\"elementor-column elementor-col-100 elementor-inner-column elementor-element elementor-element-e969069\" data-id=\"e969069\" data-element_type=\"column\">\n\t\t\t<div class=\"elementor-widget-wrap elementor-element-populated\">\n\t\t\t\t\t\t<div class=\"elementor-element elementor-element-f97d03e elementor-widget__width-initial elementor-absolute elementor-hidden-tablet elementor-hidden-mobile elementor-widget elementor-widget-syn-parallax-image\" data-id=\"f97d03e\" data-element_type=\"widget\" data-settings=\"{&quot;_position&quot;:&quot;absolute&quot;}\" data-widget_type=\"syn-parallax-image.default\">\n\t\t\t\t<div class=\"elementor-widget-container\">\n\t\t\t\t\t\n        <div class=\"parallax-image\">\n            <img decoding=\"async\" data-parallax='{\n                                                                \"y\": -100,\n                                                                \"smoothness\": 10                                    }'\n                 src=\"https:\/\/alvinegroup.com\/wp-content\/uploads\/2025\/06\/shape_dollar_1.webp\" alt=\"\">\n\n        <\/div>\n        \t\t\t\t<\/div>\n\t\t\t\t<\/div>\n\t\t\t\t\t<\/div>\n\t\t<\/div>\n\t\t\t\t\t<\/div>\n\t\t<\/section>\n\t\t\t\t\t<\/div>\n\t\t<\/div>\n\t\t\t\t\t<\/div>\n\t\t<\/section>\n\t\t\t\t<section class=\"elementor-section elementor-top-section elementor-element elementor-element-a4ec590 elementor-section-stretched elementor-section-boxed elementor-section-height-default elementor-section-height-default\" data-id=\"a4ec590\" data-element_type=\"section\" data-settings=\"{&quot;background_background&quot;:&quot;classic&quot;,&quot;stretch_section&quot;:&quot;section-stretched&quot;}\">\n\t\t\t\t\t\t<div class=\"elementor-container elementor-column-gap-no\">\n\t\t\t\t\t<div class=\"elementor-column elementor-col-100 elementor-top-column elementor-element elementor-element-5f1aa15\" data-id=\"5f1aa15\" data-element_type=\"column\">\n\t\t\t<div class=\"elementor-widget-wrap elementor-element-populated\">\n\t\t\t\t\t\t<section class=\"elementor-section elementor-inner-section elementor-element elementor-element-2adde3a elementor-section-boxed elementor-section-height-default elementor-section-height-default\" data-id=\"2adde3a\" data-element_type=\"section\">\n\t\t\t\t\t\t<div class=\"elementor-container elementor-column-gap-default\">\n\t\t\t\t\t<div class=\"elementor-column elementor-col-50 elementor-inner-column elementor-element elementor-element-b0ca458\" data-id=\"b0ca458\" data-element_type=\"column\">\n\t\t\t<div class=\"elementor-widget-wrap elementor-element-populated\">\n\t\t\t\t\t\t<div class=\"elementor-element elementor-element-8ed8dc4 elementor-widget__width-inherit elementor-widget elementor-widget-html\" data-id=\"8ed8dc4\" data-element_type=\"widget\" data-widget_type=\"html.default\">\n\t\t\t\t<div class=\"elementor-widget-container\">\n\t\t\t\t\t<!-- TradingView Widget BEGIN -->\n<div class=\"tradingview-widget-container\">\n  <div class=\"tradingview-widget-container__widget\"><\/div>\n  <script type=\"text\/javascript\" src=\"https:\/\/s3.tradingview.com\/external-embedding\/embed-widget-timeline.js\" async>\n  {\n  \"feedMode\": \"market\",\n  \"market\": \"stock\",\n  \"isTransparent\": true,\n  \"displayMode\": \"regular\",\n  \"width\": \"100%\",\n  \"height\": \"600\",\n  \"colorTheme\": \"light\",\n  \"locale\": \"en\"\n}\n  <\/script>\n<\/div>\n<!-- TradingView Widget END -->\n\n<a href=\"\/\" class=\"brand-label\"><img decoding=\"async\" src=\"\/wp-content\/uploads\/2025\/06\/favicon.png\"\/><p>AlvineGroup<\/p><\/a>\t\t\t\t<\/div>\n\t\t\t\t<\/div>\n\t\t\t\t\t<\/div>\n\t\t<\/div>\n\t\t\t\t<div class=\"elementor-column elementor-col-50 elementor-inner-column elementor-element elementor-element-9c2add6\" data-id=\"9c2add6\" data-element_type=\"column\">\n\t\t\t<div class=\"elementor-widget-wrap elementor-element-populated\">\n\t\t\t\t\t\t<div class=\"elementor-element elementor-element-a6f41a0 elementor-widget__width-inherit elementor-widget elementor-widget-html\" data-id=\"a6f41a0\" data-element_type=\"widget\" data-widget_type=\"html.default\">\n\t\t\t\t<div class=\"elementor-widget-container\">\n\t\t\t\t\t<!-- TradingView Widget BEGIN -->\n<div class=\"tradingview-widget-container\">\n  <div class=\"tradingview-widget-container__widget\"><\/div>\n  <script type=\"text\/javascript\" src=\"https:\/\/s3.tradingview.com\/external-embedding\/embed-widget-timeline.js\" async>\n  {\n  \"feedMode\": \"market\",\n  \"market\": \"index\",\n  \"isTransparent\": true,\n  \"displayMode\": \"regular\",\n  \"width\": \"100%\",\n  \"height\": \"600\",\n  \"colorTheme\": \"light\",\n  \"locale\": \"en\"\n}\n  <\/script>\n<\/div>\n<!-- TradingView Widget END -->\n\n<a href=\"\/\" class=\"brand-label\"><img decoding=\"async\" src=\"\/wp-content\/uploads\/2025\/06\/favicon.png\"\/><p>AlvineGroup<\/p><\/a>\t\t\t\t<\/div>\n\t\t\t\t<\/div>\n\t\t\t\t\t<\/div>\n\t\t<\/div>\n\t\t\t\t\t<\/div>\n\t\t<\/section>\n\t\t\t\t\t<\/div>\n\t\t<\/div>\n\t\t\t\t\t<\/div>\n\t\t<\/section>\n\t\t\t\t<section class=\"elementor-section elementor-top-section elementor-element elementor-element-a458e63 elementor-section-full_width elementor-section-height-default elementor-section-height-default\" data-id=\"a458e63\" data-element_type=\"section\" data-settings=\"{&quot;background_background&quot;:&quot;classic&quot;}\">\n\t\t\t\t\t\t<div class=\"elementor-container elementor-column-gap-no\">\n\t\t\t\t\t<div class=\"elementor-column elementor-col-100 elementor-top-column elementor-element elementor-element-30742f1\" data-id=\"30742f1\" data-element_type=\"column\">\n\t\t\t<div class=\"elementor-widget-wrap elementor-element-populated\">\n\t\t\t\t\t\t<section class=\"elementor-section elementor-inner-section elementor-element elementor-element-15f7710 elementor-reverse-mobile elementor-section-boxed elementor-section-height-default elementor-section-height-default\" data-id=\"15f7710\" data-element_type=\"section\">\n\t\t\t\t\t\t<div class=\"elementor-container elementor-column-gap-no\">\n\t\t\t\t\t<div class=\"elementor-column elementor-col-33 elementor-inner-column elementor-element elementor-element-f642a1a\" data-id=\"f642a1a\" data-element_type=\"column\">\n\t\t\t<div class=\"elementor-widget-wrap elementor-element-populated\">\n\t\t\t\t\t\t<div class=\"elementor-element elementor-element-95ed3ae e-transform e-transform elementor-widget elementor-widget-image\" data-id=\"95ed3ae\" data-element_type=\"widget\" data-settings=\"{&quot;_transform_translateY_effect&quot;:{&quot;unit&quot;:&quot;px&quot;,&quot;size&quot;:27,&quot;sizes&quot;:[]},&quot;_transform_translateX_effect&quot;:{&quot;unit&quot;:&quot;px&quot;,&quot;size&quot;:&quot;&quot;,&quot;sizes&quot;:[]},&quot;_transform_translateX_effect_tablet&quot;:{&quot;unit&quot;:&quot;px&quot;,&quot;size&quot;:&quot;&quot;,&quot;sizes&quot;:[]},&quot;_transform_translateX_effect_mobile&quot;:{&quot;unit&quot;:&quot;px&quot;,&quot;size&quot;:&quot;&quot;,&quot;sizes&quot;:[]},&quot;_transform_translateY_effect_tablet&quot;:{&quot;unit&quot;:&quot;px&quot;,&quot;size&quot;:&quot;&quot;,&quot;sizes&quot;:[]},&quot;_transform_translateY_effect_mobile&quot;:{&quot;unit&quot;:&quot;px&quot;,&quot;size&quot;:&quot;&quot;,&quot;sizes&quot;:[]},&quot;_transform_scale_effect&quot;:{&quot;unit&quot;:&quot;px&quot;,&quot;size&quot;:&quot;&quot;,&quot;sizes&quot;:[]},&quot;_transform_scale_effect_tablet&quot;:{&quot;unit&quot;:&quot;px&quot;,&quot;size&quot;:&quot;&quot;,&quot;sizes&quot;:[]},&quot;_transform_scale_effect_mobile&quot;:{&quot;unit&quot;:&quot;px&quot;,&quot;size&quot;:&quot;&quot;,&quot;sizes&quot;:[]}}\" data-widget_type=\"image.default\">\n\t\t\t\t<div class=\"elementor-widget-container\">\n\t\t\t\t\t\t\t\t\t\t\t\t\t\t\t<img decoding=\"async\" width=\"1024\" height=\"730\" src=\"https:\/\/alvinegroup.com\/wp-content\/uploads\/2025\/06\/mobile_app_image-1024x730.webp\" class=\"attachment-large size-large wp-image-1073\" alt=\"\" srcset=\"https:\/\/alvinegroup.com\/wp-content\/uploads\/2025\/06\/mobile_app_image-1024x730.webp 1024w, https:\/\/alvinegroup.com\/wp-content\/uploads\/2025\/06\/mobile_app_image-300x214.webp 300w, https:\/\/alvinegroup.com\/wp-content\/uploads\/2025\/06\/mobile_app_image-768x548.webp 768w, https:\/\/alvinegroup.com\/wp-content\/uploads\/2025\/06\/mobile_app_image-1536x1095.webp 1536w, https:\/\/alvinegroup.com\/wp-content\/uploads\/2025\/06\/mobile_app_image-2048x1460.webp 2048w\" sizes=\"(max-width: 1024px) 100vw, 1024px\" \/>\t\t\t\t\t\t\t\t\t\t\t\t\t\t\t<\/div>\n\t\t\t\t<\/div>\n\t\t\t\t\t<\/div>\n\t\t<\/div>\n\t\t\t\t<div class=\"elementor-column elementor-col-33 elementor-inner-column elementor-element elementor-element-ccec555\" data-id=\"ccec555\" data-element_type=\"column\">\n\t\t\t<div class=\"elementor-widget-wrap\">\n\t\t\t\t\t\t\t<\/div>\n\t\t<\/div>\n\t\t\t\t<div class=\"elementor-column elementor-col-33 elementor-inner-column elementor-element elementor-element-9ddbad8\" data-id=\"9ddbad8\" data-element_type=\"column\">\n\t\t\t<div class=\"elementor-widget-wrap elementor-element-populated\">\n\t\t\t\t\t\t<div class=\"elementor-element elementor-element-7e642e5 elementor-widget elementor-widget-syn-heading\" data-id=\"7e642e5\" data-element_type=\"widget\" data-widget_type=\"syn-heading.default\">\n\t\t\t\t<div class=\"elementor-widget-container\">\n\t\t\t\t\t<div class=\"heading_block style_2\">\n    <h2 class=\"heading_text\" >Commencez votre voyage avec AlvineGroup<\/h2>  <p class=\"heading_description mb-5\" >D\u00e9couvrez un monde d'opportunit\u00e9s illimit\u00e9es de croissance et de succ\u00e8s\u00a0!<\/p><\/div> \t\t\t\t<\/div>\n\t\t\t\t<\/div>\n\t\t\t\t<div class=\"elementor-element elementor-element-bd21e2b elementor-widget elementor-widget-syn-btn\" data-id=\"bd21e2b\" data-element_type=\"widget\" data-widget_type=\"syn-btn.default\">\n\t\t\t\t<div class=\"elementor-widget-container\">\n\t\t\t\t\t<a class=\"btn bg-dark\" href=\"\/fr\/sign-up\">\r\n                    <span class=\"btn_label\">Rejoindre <\/span>\r\n                    <span class=\"btn_icon\"><i class=\"fa-solid fa-arrow-up-right\"><\/i><\/span>\r\n                  <\/a>\r\n\t\t\t\t<\/div>\n\t\t\t\t<\/div>\n\t\t\t\t\t<\/div>\n\t\t<\/div>\n\t\t\t\t\t<\/div>\n\t\t<\/section>\n\t\t\t\t\t<\/div>\n\t\t<\/div>\n\t\t\t\t\t<\/div>\n\t\t<\/section>\n\t\t\t\t<\/div>\n\t\t","protected":false},"excerpt":{"rendered":"<p>Actualit\u00e9s du march\u00e9 Des informations actualis\u00e9es sont un outil essentiel pour un n\u00e9gociant prosp\u00e8re. Nos actualit\u00e9s de march\u00e9 seront votre navigateur de confiance dans le monde de la finance et de l&rsquo;investissement, fournissant des donn\u00e9es \u00e0 jour sur les \u00e9v\u00e9nements qui fa\u00e7onnent les tendances du march\u00e9 mondial. Nous surveillons attentivement les changements sur les march\u00e9s [&hellip;]<\/p>\n","protected":false},"author":2,"featured_media":0,"parent":0,"menu_order":0,"comment_status":"closed","ping_status":"closed","template":"synox-template.php","meta":{"inline_featured_image":false,"footnotes":""},"class_list":["post-1756","page","type-page","status-publish","hentry"],"_links":{"self":[{"href":"https:\/\/alvinegroup.com\/fr\/wp-json\/wp\/v2\/pages\/1756","targetHints":{"allow":["GET"]}}],"collection":[{"href":"https:\/\/alvinegroup.com\/fr\/wp-json\/wp\/v2\/pages"}],"about":[{"href":"https:\/\/alvinegroup.com\/fr\/wp-json\/wp\/v2\/types\/page"}],"author":[{"embeddable":true,"href":"https:\/\/alvinegroup.com\/fr\/wp-json\/wp\/v2\/users\/2"}],"replies":[{"embeddable":true,"href":"https:\/\/alvinegroup.com\/fr\/wp-json\/wp\/v2\/comments?post=1756"}],"version-history":[{"count":4,"href":"https:\/\/alvinegroup.com\/fr\/wp-json\/wp\/v2\/pages\/1756\/revisions"}],"predecessor-version":[{"id":1991,"href":"https:\/\/alvinegroup.com\/fr\/wp-json\/wp\/v2\/pages\/1756\/revisions\/1991"}],"wp:attachment":[{"href":"https:\/\/alvinegroup.com\/fr\/wp-json\/wp\/v2\/media?parent=1756"}],"curies":[{"name":"wp","href":"https:\/\/api.w.org\/{rel}","templated":true}]}}