{"id":1789,"date":"2025-02-12T13:28:22","date_gmt":"2025-02-12T13:28:22","guid":{"rendered":"https:\/\/alvinegroup.com\/support"},"modified":"2025-06-25T14:29:35","modified_gmt":"2025-06-25T14:29:35","slug":"support","status":"publish","type":"page","link":"https:\/\/alvinegroup.com\/es\/support","title":{"rendered":"Asistencia"},"content":{"rendered":"\t\t<div data-elementor-type=\"wp-page\" data-elementor-id=\"1789\" class=\"elementor elementor-1789\" data-elementor-post-type=\"page\">\n\t\t\t\t\t\t<section class=\"elementor-section elementor-top-section elementor-element elementor-element-0f165bb elementor-section-boxed elementor-section-height-default elementor-section-height-default\" data-id=\"0f165bb\" data-element_type=\"section\" data-settings=\"{&quot;background_background&quot;:&quot;classic&quot;}\">\n\t\t\t\t\t\t<div class=\"elementor-container elementor-column-gap-no\">\n\t\t\t\t\t<div class=\"elementor-column elementor-col-100 elementor-top-column elementor-element elementor-element-f046aea\" data-id=\"f046aea\" data-element_type=\"column\">\n\t\t\t<div class=\"elementor-widget-wrap elementor-element-populated\">\n\t\t\t\t\t\t<section class=\"elementor-section elementor-inner-section elementor-element elementor-element-0d0a57e elementor-section-full_width elementor-section-height-default elementor-section-height-default\" data-id=\"0d0a57e\" data-element_type=\"section\">\n\t\t\t\t\t\t<div class=\"elementor-container elementor-column-gap-extended\">\n\t\t\t\t\t<div class=\"elementor-column elementor-col-50 elementor-inner-column elementor-element elementor-element-0c5805e\" data-id=\"0c5805e\" data-element_type=\"column\">\n\t\t\t<div class=\"elementor-widget-wrap elementor-element-populated\">\n\t\t\t\t\t\t<div class=\"elementor-element elementor-element-1a75574 elementor-widget elementor-widget-heading\" data-id=\"1a75574\" data-element_type=\"widget\" data-widget_type=\"heading.default\">\n\t\t\t\t<div class=\"elementor-widget-container\">\n\t\t\t\t\t<h1 class=\"elementor-heading-title elementor-size-default\">Servicio de asistencia de AlvineGroup<\/h1>\t\t\t\t<\/div>\n\t\t\t\t<\/div>\n\t\t\t\t<div class=\"elementor-element elementor-element-f5905a5 elementor-widget__width-initial elementor-widget elementor-widget-text-editor\" data-id=\"f5905a5\" data-element_type=\"widget\" data-widget_type=\"text-editor.default\">\n\t\t\t\t<div class=\"elementor-widget-container\">\n\t\t\t\t\t\t\t\t\tEn AlvineGroup entendemos que el \u00e9xito en la bolsa requiere no s\u00f3lo una estrategia competente, sino tambi\u00e9n un soporte operativo. Nuestro servicio de soporte es tu punto de apoyo en cualquier situaci\u00f3n comercial. Nuestro equipo de profesionales est\u00e1 siempre dispuesto a responder a tus preguntas, ayudarte a comprender las complejidades del funcionamiento de la plataforma o proporcionarte recomendaciones sobre la configuraci\u00f3n de herramientas para un trading m\u00e1s eficaz.\t\t\t\t\t\t\t\t<\/div>\n\t\t\t\t<\/div>\n\t\t\t\t\t<\/div>\n\t\t<\/div>\n\t\t\t\t<div class=\"elementor-column elementor-col-50 elementor-inner-column elementor-element elementor-element-d36695e\" data-id=\"d36695e\" data-element_type=\"column\">\n\t\t\t<div class=\"elementor-widget-wrap elementor-element-populated\">\n\t\t\t\t\t\t<div class=\"elementor-element elementor-element-4782517 elementor-widget elementor-widget-image\" data-id=\"4782517\" data-element_type=\"widget\" data-widget_type=\"image.default\">\n\t\t\t\t<div class=\"elementor-widget-container\">\n\t\t\t\t\t\t\t\t\t\t\t\t\t\t\t<img fetchpriority=\"high\" decoding=\"async\" width=\"1024\" height=\"922\" src=\"https:\/\/alvinegroup.com\/wp-content\/uploads\/2025\/06\/ob_feature_image_5ee-1024x922.webp\" class=\"attachment-large size-large wp-image-1099\" alt=\"\" srcset=\"https:\/\/alvinegroup.com\/wp-content\/uploads\/2025\/06\/ob_feature_image_5ee-1024x922.webp 1024w, https:\/\/alvinegroup.com\/wp-content\/uploads\/2025\/06\/ob_feature_image_5ee-300x270.webp 300w, https:\/\/alvinegroup.com\/wp-content\/uploads\/2025\/06\/ob_feature_image_5ee-768x691.webp 768w, https:\/\/alvinegroup.com\/wp-content\/uploads\/2025\/06\/ob_feature_image_5ee.webp 1403w\" sizes=\"(max-width: 1024px) 100vw, 1024px\" \/>\t\t\t\t\t\t\t\t\t\t\t\t\t\t\t<\/div>\n\t\t\t\t<\/div>\n\t\t\t\t\t<\/div>\n\t\t<\/div>\n\t\t\t\t\t<\/div>\n\t\t<\/section>\n\t\t\t\t<section class=\"elementor-section elementor-inner-section elementor-element elementor-element-e2bcc2e elementor-section-full_width elementor-section-height-default elementor-section-height-default\" data-id=\"e2bcc2e\" data-element_type=\"section\">\n\t\t\t\t\t\t<div class=\"elementor-container elementor-column-gap-no\">\n\t\t\t\t\t<div class=\"elementor-column elementor-col-100 elementor-inner-column elementor-element elementor-element-e969069\" data-id=\"e969069\" data-element_type=\"column\">\n\t\t\t<div class=\"elementor-widget-wrap elementor-element-populated\">\n\t\t\t\t\t\t<div class=\"elementor-element elementor-element-f97d03e elementor-widget__width-initial elementor-absolute elementor-hidden-tablet elementor-hidden-mobile elementor-widget elementor-widget-syn-parallax-image\" data-id=\"f97d03e\" data-element_type=\"widget\" data-settings=\"{&quot;_position&quot;:&quot;absolute&quot;}\" data-widget_type=\"syn-parallax-image.default\">\n\t\t\t\t<div class=\"elementor-widget-container\">\n\t\t\t\t\t\n        <div class=\"parallax-image\">\n            <img decoding=\"async\" data-parallax='{\n                                                                \"y\": -100,\n                                                                \"smoothness\": 10                                    }'\n                 src=\"https:\/\/alvinegroup.com\/wp-content\/uploads\/2025\/06\/shape_dollar_1.webp\" alt=\"\">\n\n        <\/div>\n        \t\t\t\t<\/div>\n\t\t\t\t<\/div>\n\t\t\t\t\t<\/div>\n\t\t<\/div>\n\t\t\t\t\t<\/div>\n\t\t<\/section>\n\t\t\t\t\t<\/div>\n\t\t<\/div>\n\t\t\t\t\t<\/div>\n\t\t<\/section>\n\t\t\t\t<section class=\"elementor-section elementor-top-section elementor-element elementor-element-70ed50b elementor-section-full_width elementor-section-height-default elementor-section-height-default\" data-id=\"70ed50b\" data-element_type=\"section\" data-settings=\"{&quot;background_background&quot;:&quot;classic&quot;}\">\n\t\t\t\t\t\t<div class=\"elementor-container elementor-column-gap-no\">\n\t\t\t\t\t<div class=\"elementor-column elementor-col-100 elementor-top-column elementor-element elementor-element-1d94ed4\" data-id=\"1d94ed4\" data-element_type=\"column\">\n\t\t\t<div class=\"elementor-widget-wrap elementor-element-populated\">\n\t\t\t\t\t\t<section class=\"elementor-section elementor-inner-section elementor-element elementor-element-fc757f2 elementor-section-boxed elementor-section-height-default elementor-section-height-default\" data-id=\"fc757f2\" data-element_type=\"section\">\n\t\t\t\t\t\t<div class=\"elementor-container elementor-column-gap-custom\">\n\t\t\t\t\t<div class=\"elementor-column elementor-col-50 elementor-inner-column elementor-element elementor-element-a8b2cc9\" data-id=\"a8b2cc9\" data-element_type=\"column\">\n\t\t\t<div class=\"elementor-widget-wrap elementor-element-populated\">\n\t\t\t\t\t\t<section class=\"elementor-section elementor-inner-section elementor-element elementor-element-207fab8 elementor-section-boxed elementor-section-height-default elementor-section-height-default\" data-id=\"207fab8\" data-element_type=\"section\" data-settings=\"{&quot;background_background&quot;:&quot;classic&quot;}\">\n\t\t\t\t\t\t<div class=\"elementor-container elementor-column-gap-no\">\n\t\t\t\t\t<div class=\"elementor-column elementor-col-100 elementor-inner-column elementor-element elementor-element-ae2ddea\" data-id=\"ae2ddea\" data-element_type=\"column\">\n\t\t\t<div class=\"elementor-widget-wrap elementor-element-populated\">\n\t\t\t\t\t\t<div class=\"elementor-element elementor-element-5884f7a elementor-widget elementor-widget-syn-heading\" data-id=\"5884f7a\" data-element_type=\"widget\" data-widget_type=\"syn-heading.default\">\n\t\t\t\t<div class=\"elementor-widget-container\">\n\t\t\t\t\t\n<div class=\"heading_block xl-text\">\n\n                    <h2 class=\"heading_text\" >Enviar un mensaje<\/h2>                    <p class=\"heading_description mb-0\" >Rellena el formulario de contacto y nos pondremos en contacto contigo<\/p>                  <\/div>\n  \t\t\t\t<\/div>\n\t\t\t\t<\/div>\n\t\t\t\t<div class=\"elementor-element elementor-element-167ccb8 elementor-button-align-stretch elementor-widget elementor-widget-form\" data-id=\"167ccb8\" data-element_type=\"widget\" data-settings=\"{&quot;step_next_label&quot;:&quot;Next&quot;,&quot;step_previous_label&quot;:&quot;Previous&quot;,&quot;button_width&quot;:&quot;100&quot;,&quot;step_type&quot;:&quot;number_text&quot;,&quot;step_icon_shape&quot;:&quot;circle&quot;}\" data-widget_type=\"form.default\">\n\t\t\t\t<div class=\"elementor-widget-container\">\n\t\t\t\t\t\t\t<form class=\"elementor-form\" method=\"post\" name=\"New Form\">\n\t\t\t<input type=\"hidden\" name=\"post_id\" value=\"1789\"\/>\n\t\t\t<input type=\"hidden\" name=\"form_id\" value=\"167ccb8\"\/>\n\t\t\t<input type=\"hidden\" name=\"referer_title\" value=\"Asistencia\" \/>\n\n\t\t\t\t\t\t\t<input type=\"hidden\" name=\"queried_id\" value=\"1789\"\/>\n\t\t\t\n\t\t\t<div class=\"elementor-form-fields-wrapper elementor-labels-above\">\n\t\t\t\t\t\t\t\t<div class=\"elementor-field-type-text elementor-field-group elementor-column elementor-field-group-name elementor-col-50\">\n\t\t\t\t\t\t\t\t\t\t\t\t<label for=\"form-field-name\" class=\"elementor-field-label\">\n\t\t\t\t\t\t\t\tNombre\t\t\t\t\t\t\t<\/label>\n\t\t\t\t\t\t\t\t\t\t\t\t\t\t<input size=\"1\" type=\"text\" name=\"form_fields[name]\" id=\"form-field-name\" class=\"elementor-field elementor-size-lg  elementor-field-textual\" placeholder=\"Nombre\">\n\t\t\t\t\t\t\t\t\t\t\t<\/div>\n\t\t\t\t\t\t\t\t<div class=\"elementor-field-type-email elementor-field-group elementor-column elementor-field-group-email elementor-col-50 elementor-field-required elementor-mark-required\">\n\t\t\t\t\t\t\t\t\t\t\t\t<label for=\"form-field-email\" class=\"elementor-field-label\">\n\t\t\t\t\t\t\t\tCorreo electr\u00f3nico\t\t\t\t\t\t\t<\/label>\n\t\t\t\t\t\t\t\t\t\t\t\t\t\t<input size=\"1\" type=\"email\" name=\"form_fields[email]\" id=\"form-field-email\" class=\"elementor-field elementor-size-lg  elementor-field-textual\" placeholder=\"Correo electr\u00f3nico\" required=\"required\" aria-required=\"true\">\n\t\t\t\t\t\t\t\t\t\t\t<\/div>\n\t\t\t\t\t\t\t\t<div class=\"elementor-field-type-tel elementor-field-group elementor-column elementor-field-group-field_eea6020 elementor-col-100 elementor-field-required elementor-mark-required\">\n\t\t\t\t\t\t\t\t\t\t\t\t<label for=\"form-field-field_eea6020\" class=\"elementor-field-label\">\n\t\t\t\t\t\t\t\tTel\u00e9fono\t\t\t\t\t\t\t<\/label>\n\t\t\t\t\t\t\t\t<input size=\"1\" type=\"tel\" name=\"form_fields[field_eea6020]\" id=\"form-field-field_eea6020\" class=\"elementor-field elementor-size-lg  elementor-field-textual\" placeholder=\"+ 0 (111) 222 33 45\" required=\"required\" aria-required=\"true\" pattern=\"[0-9()#&amp;+*-=.]+\" title=\"Only numbers and phone characters (#, -, *, etc) are accepted.\">\n\n\t\t\t\t\t\t<\/div>\n\t\t\t\t\t\t\t\t<div class=\"elementor-field-type-textarea elementor-field-group elementor-column elementor-field-group-message elementor-col-100\">\n\t\t\t\t\t\t\t\t\t\t\t\t<label for=\"form-field-message\" class=\"elementor-field-label\">\n\t\t\t\t\t\t\t\tMensaje\t\t\t\t\t\t\t<\/label>\n\t\t\t\t\t\t<textarea class=\"elementor-field-textual elementor-field  elementor-size-lg\" name=\"form_fields[message]\" id=\"form-field-message\" rows=\"4\" placeholder=\"Mensaje\"><\/textarea>\t\t\t\t<\/div>\n\t\t\t\t\t\t\t\t<div class=\"elementor-field-group elementor-column elementor-field-type-submit elementor-col-100 e-form__buttons\">\n\t\t\t\t\t<button class=\"elementor-button elementor-size-lg\" type=\"submit\">\n\t\t\t\t\t\t<span class=\"elementor-button-content-wrapper\">\n\t\t\t\t\t\t\t\t\t\t\t\t\t\t\t\t\t\t\t\t\t\t<span class=\"elementor-button-text\">Enviar un mensaje<\/span>\n\t\t\t\t\t\t\t\t\t\t\t\t\t<\/span>\n\t\t\t\t\t<\/button>\n\t\t\t\t<\/div>\n\t\t\t<\/div>\n\t\t<\/form>\n\t\t\t\t\t\t<\/div>\n\t\t\t\t<\/div>\n\t\t\t\t\t<\/div>\n\t\t<\/div>\n\t\t\t\t\t<\/div>\n\t\t<\/section>\n\t\t\t\t\t<\/div>\n\t\t<\/div>\n\t\t\t\t<div class=\"elementor-column elementor-col-50 elementor-inner-column elementor-element elementor-element-0a8ef93\" data-id=\"0a8ef93\" data-element_type=\"column\">\n\t\t\t<div class=\"elementor-widget-wrap elementor-element-populated\">\n\t\t\t\t\t\t<section class=\"elementor-section elementor-inner-section elementor-element elementor-element-81b1bc8 elementor-section-boxed elementor-section-height-default elementor-section-height-default\" data-id=\"81b1bc8\" data-element_type=\"section\" data-settings=\"{&quot;background_background&quot;:&quot;classic&quot;}\">\n\t\t\t\t\t\t<div class=\"elementor-container elementor-column-gap-custom\">\n\t\t\t\t\t<div class=\"elementor-column elementor-col-100 elementor-inner-column elementor-element elementor-element-fcce96e\" data-id=\"fcce96e\" data-element_type=\"column\">\n\t\t\t<div class=\"elementor-widget-wrap elementor-element-populated\">\n\t\t\t\t\t\t<div class=\"elementor-element elementor-element-58791f7 elementor-widget elementor-widget-syn-ibox\" data-id=\"58791f7\" data-element_type=\"widget\" data-widget_type=\"syn-ibox.default\">\n\t\t\t\t<div class=\"elementor-widget-container\">\n\t\t\t\t\t\r\n  <div class=\"features_block bg-secondary\">\r\n    <div class=\"features_icon\">\r\n        <\/div>\r\n    <div class=\"features_content\">\r\n      <h3 class=\"features_title\" >Correo electr\u00f3nico<\/h3>      <p class=\"mb-0\" >support@alvinegroup.com<\/p>    <\/div>\r\n  <\/div>\t\t\t\t<\/div>\n\t\t\t\t<\/div>\n\t\t\t\t<div class=\"elementor-element elementor-element-ca3292f elementor-hidden-desktop elementor-hidden-tablet elementor-hidden-mobile elementor-widget elementor-widget-syn-ibox\" data-id=\"ca3292f\" data-element_type=\"widget\" data-widget_type=\"syn-ibox.default\">\n\t\t\t\t<div class=\"elementor-widget-container\">\n\t\t\t\t\t\r\n  <div class=\"features_block bg-secondary\">\r\n    <div class=\"features_icon\">\r\n        <\/div>\r\n    <div class=\"features_content\">\r\n      <h3 class=\"features_title\" >Tel\u00e9fono<\/h3>      <p class=\"mb-0\" >+(1) 1234 567 890<\/p>    <\/div>\r\n  <\/div>\t\t\t\t<\/div>\n\t\t\t\t<\/div>\n\t\t\t\t\t<\/div>\n\t\t<\/div>\n\t\t\t\t\t<\/div>\n\t\t<\/section>\n\t\t\t\t\t<\/div>\n\t\t<\/div>\n\t\t\t\t\t<\/div>\n\t\t<\/section>\n\t\t\t\t\t<\/div>\n\t\t<\/div>\n\t\t\t\t\t<\/div>\n\t\t<\/section>\n\t\t\t\t<\/div>\n\t\t","protected":false},"excerpt":{"rendered":"<p>Servicio de asistencia de AlvineGroup En AlvineGroup entendemos que el \u00e9xito en la bolsa requiere no s\u00f3lo una estrategia competente, sino tambi\u00e9n un soporte operativo. Nuestro servicio de soporte es tu punto de apoyo en cualquier situaci\u00f3n comercial. Nuestro equipo de profesionales est\u00e1 siempre dispuesto a responder a tus preguntas, ayudarte a comprender las complejidades [&hellip;]<\/p>\n","protected":false},"author":2,"featured_media":0,"parent":0,"menu_order":0,"comment_status":"closed","ping_status":"closed","template":"synox-template.php","meta":{"inline_featured_image":false,"footnotes":""},"class_list":["post-1789","page","type-page","status-publish","hentry"],"_links":{"self":[{"href":"https:\/\/alvinegroup.com\/es\/wp-json\/wp\/v2\/pages\/1789","targetHints":{"allow":["GET"]}}],"collection":[{"href":"https:\/\/alvinegroup.com\/es\/wp-json\/wp\/v2\/pages"}],"about":[{"href":"https:\/\/alvinegroup.com\/es\/wp-json\/wp\/v2\/types\/page"}],"author":[{"embeddable":true,"href":"https:\/\/alvinegroup.com\/es\/wp-json\/wp\/v2\/users\/2"}],"replies":[{"embeddable":true,"href":"https:\/\/alvinegroup.com\/es\/wp-json\/wp\/v2\/comments?post=1789"}],"version-history":[{"count":7,"href":"https:\/\/alvinegroup.com\/es\/wp-json\/wp\/v2\/pages\/1789\/revisions"}],"predecessor-version":[{"id":2066,"href":"https:\/\/alvinegroup.com\/es\/wp-json\/wp\/v2\/pages\/1789\/revisions\/2066"}],"wp:attachment":[{"href":"https:\/\/alvinegroup.com\/es\/wp-json\/wp\/v2\/media?parent=1789"}],"curies":[{"name":"wp","href":"https:\/\/api.w.org\/{rel}","templated":true}]}}